{"id":1148,"date":"2022-03-20T18:47:52","date_gmt":"2022-03-20T17:47:52","guid":{"rendered":"http:\/\/aluna.sitenaw.net\/?page_id=1148"},"modified":"2025-11-27T12:49:20","modified_gmt":"2025-11-27T11:49:20","slug":"service","status":"publish","type":"page","link":"https:\/\/aluna.se\/sv\/service\/","title":{"rendered":"Service"},"content":{"rendered":"<div data-elementor-type=\"wp-page\" data-elementor-id=\"1148\" class=\"elementor elementor-1148\" data-elementor-settings=\"{&quot;ha_cmc_init_switcher&quot;:&quot;no&quot;}\" data-elementor-post-type=\"page\">\n\t\t\t\t\t\t<section class=\"elementor-section elementor-top-section elementor-element elementor-element-2f4845f elementor-section-height-min-height elementor-section-boxed elementor-section-height-default elementor-section-items-middle\" data-id=\"2f4845f\" data-element_type=\"section\" data-settings=\"{&quot;background_background&quot;:&quot;classic&quot;,&quot;_ha_eqh_enable&quot;:false}\">\n\t\t\t\t\t\t<div class=\"elementor-container elementor-column-gap-default\">\n\t\t\t\t\t<div class=\"elementor-column elementor-col-100 elementor-top-column elementor-element elementor-element-fd8142f\" data-id=\"fd8142f\" data-element_type=\"column\">\n\t\t\t<div class=\"elementor-widget-wrap elementor-element-populated\">\n\t\t\t\t\t\t<div class=\"elementor-element elementor-element-e496a86 elementor-widget elementor-widget-heading\" data-id=\"e496a86\" data-element_type=\"widget\" data-widget_type=\"heading.default\">\n\t\t\t\t<div class=\"elementor-widget-container\">\n\t\t\t\t\t<div class=\"elementor-heading-title elementor-size-default\">Service<\/div>\t\t\t\t<\/div>\n\t\t\t\t<\/div>\n\t\t\t\t<section class=\"elementor-section elementor-inner-section elementor-element elementor-element-76dc8a6 elementor-section-full_width elementor-section-height-default elementor-section-height-default\" data-id=\"76dc8a6\" data-element_type=\"section\" data-settings=\"{&quot;_ha_eqh_enable&quot;:false}\">\n\t\t\t\t\t\t<div class=\"elementor-container elementor-column-gap-default\">\n\t\t\t\t\t<div class=\"elementor-column elementor-col-50 elementor-inner-column elementor-element elementor-element-748b2cf\" data-id=\"748b2cf\" data-element_type=\"column\">\n\t\t\t<div class=\"elementor-widget-wrap elementor-element-populated\">\n\t\t\t\t\t\t<div class=\"elementor-element elementor-element-dc37116 elementor-widget elementor-widget-text-editor\" data-id=\"dc37116\" data-element_type=\"widget\" data-widget_type=\"text-editor.default\">\n\t\t\t\t<div class=\"elementor-widget-container\">\n\t\t\t\t\t\t\t\t\tOm du har n\u00e5gra kommentarer om produkten du best\u00e4llt, v\u00e4nligen fyll i reklamationsformul\u00e4ret. Vi kommer att g\u00f6ra allt vi kan f\u00f6r att uppfylla dina f\u00f6rv\u00e4ntningar.\t\t\t\t\t\t\t\t<\/div>\n\t\t\t\t<\/div>\n\t\t\t\t\t<\/div>\n\t\t<\/div>\n\t\t\t\t<div class=\"elementor-column elementor-col-50 elementor-inner-column elementor-element elementor-element-3851f47\" data-id=\"3851f47\" data-element_type=\"column\">\n\t\t\t<div class=\"elementor-widget-wrap elementor-element-populated\">\n\t\t\t\t\t\t<div class=\"elementor-element elementor-element-0879b07 elementor-widget elementor-widget-text-editor\" data-id=\"0879b07\" data-element_type=\"widget\" data-widget_type=\"text-editor.default\">\n\t\t\t\t<div class=\"elementor-widget-container\">\n\t\t\t\t\t\t\t\t\t<h6>Instruktions-\/installationsmanual f\u00f6r ditt tak hittar du h\u00e4r <span style=\"color: #ec6608;\">nedan:<\/span><\/h6>\t\t\t\t\t\t\t\t<\/div>\n\t\t\t\t<\/div>\n\t\t\t\t<div class=\"elementor-element elementor-element-ddda391 elementor-button-danger elementor-align-left elementor-widget elementor-widget-button\" data-id=\"ddda391\" data-element_type=\"widget\" data-widget_type=\"button.default\">\n\t\t\t\t<div class=\"elementor-widget-container\">\n\t\t\t\t\t\t\t\t\t<div class=\"elementor-button-wrapper\">\n\t\t\t\t\t<a class=\"elementor-button elementor-button-link elementor-size-sm\" href=\"https:\/\/aluna.se\/sv\/dokument\/\">\n\t\t\t\t\t\t<span class=\"elementor-button-content-wrapper\">\n\t\t\t\t\t\t\t\t\t<span class=\"elementor-button-text\">Klicka h\u00e4r<\/span>\n\t\t\t\t\t<\/span>\n\t\t\t\t\t<\/a>\n\t\t\t\t<\/div>\n\t\t\t\t\t\t\t\t<\/div>\n\t\t\t\t<\/div>\n\t\t\t\t\t<\/div>\n\t\t<\/div>\n\t\t\t\t\t<\/div>\n\t\t<\/section>\n\t\t\t\t\t<\/div>\n\t\t<\/div>\n\t\t\t\t\t<\/div>\n\t\t<\/section>\n\t\t\t\t<section class=\"elementor-section elementor-top-section elementor-element elementor-element-81068b9 elementor-section-boxed elementor-section-height-default elementor-section-height-default\" data-id=\"81068b9\" data-element_type=\"section\" data-settings=\"{&quot;_ha_eqh_enable&quot;:false}\">\n\t\t\t\t\t\t<div class=\"elementor-container elementor-column-gap-default\">\n\t\t\t\t\t<div class=\"elementor-column elementor-col-100 elementor-top-column elementor-element elementor-element-b38b99d\" data-id=\"b38b99d\" data-element_type=\"column\">\n\t\t\t<div class=\"elementor-widget-wrap elementor-element-populated\">\n\t\t\t\t\t\t<div class=\"elementor-element elementor-element-6c281bb my-form-c7-3037 elementor-widget elementor-widget-shortcode\" data-id=\"6c281bb\" data-element_type=\"widget\" data-widget_type=\"shortcode.default\">\n\t\t\t\t<div class=\"elementor-widget-container\">\n\t\t\t\t\t\t\t<div class=\"elementor-shortcode\">\n<div class=\"wpcf7 no-js\" id=\"wpcf7-f3037-o1\" lang=\"pl-PL\" dir=\"ltr\" data-wpcf7-id=\"3037\">\n<div class=\"screen-reader-response\"><p role=\"status\" aria-live=\"polite\" aria-atomic=\"true\"><\/p> <ul><\/ul><\/div>\n<form action=\"\/sv\/wp-json\/wp\/v2\/pages\/1148#wpcf7-f3037-o1\" method=\"post\" class=\"wpcf7-form init\" aria-label=\"Formularz kontaktowy\" enctype=\"multipart\/form-data\" novalidate=\"novalidate\" data-status=\"init\" data-trp-original-action=\"\/sv\/wp-json\/wp\/v2\/pages\/1148#wpcf7-f3037-o1\">\n<fieldset class=\"hidden-fields-container\"><input type=\"hidden\" name=\"_wpcf7\" value=\"3037\" \/><input type=\"hidden\" name=\"_wpcf7_version\" value=\"6.1.5\" \/><input type=\"hidden\" name=\"_wpcf7_locale\" value=\"pl_PL\" \/><input type=\"hidden\" name=\"_wpcf7_unit_tag\" value=\"wpcf7-f3037-o1\" \/><input type=\"hidden\" name=\"_wpcf7_container_post\" value=\"0\" \/><input type=\"hidden\" name=\"_wpcf7_posted_data_hash\" value=\"\" \/><input type=\"hidden\" name=\"_wpcf7_recaptcha_response\" value=\"\" \/>\n<\/fieldset>\n<p><label class=\"my-form-title\">Dina uppgifter<\/label>\n<\/p>\n<div class=\"my-form col-50-left\">\n\t<p><label> Namn:<br \/>\n<span class=\"wpcf7-form-control-wrap\" data-name=\"text-86\"><input size=\"40\" maxlength=\"400\" class=\"wpcf7-form-control wpcf7-text\" aria-invalid=\"false\" placeholder=\"Namn:\" value=\"\" type=\"text\" name=\"text-86\" \/><\/span><br \/>\n<\/label>\n\t<\/p>\n\t<p><label> E-post<br \/>\n<span class=\"wpcf7-form-control-wrap\" data-name=\"email-721\"><input size=\"40\" maxlength=\"400\" class=\"wpcf7-form-control wpcf7-email wpcf7-validates-as-required wpcf7-text wpcf7-validates-as-email\" aria-required=\"true\" aria-invalid=\"false\" placeholder=\"e-post:\" value=\"\" type=\"email\" name=\"email-721\" \/><\/span><br \/>\n<\/label>\n\t<\/p>\n\t<p><label> Telefonnummer:<br \/>\n<span class=\"wpcf7-form-control-wrap\" data-name=\"tel-747\"><input size=\"40\" maxlength=\"400\" class=\"wpcf7-form-control wpcf7-tel wpcf7-text wpcf7-validates-as-tel\" aria-invalid=\"false\" placeholder=\"Telefonnummer\" value=\"\" type=\"tel\" name=\"tel-747\" \/><\/span><br \/>\n<\/label>\n\t<\/p>\n<\/div>\n<div class=\"my-form col-50-right\">\n\t<p><label> Efternamn:<br \/>\n<span class=\"wpcf7-form-control-wrap\" data-name=\"text-87\"><input size=\"40\" maxlength=\"400\" class=\"wpcf7-form-control wpcf7-text\" aria-invalid=\"false\" placeholder=\"Efternamn:\" value=\"\" type=\"text\" name=\"text-87\" \/><\/span><br \/>\n<\/label>\n\t<\/p>\n\t<p><label> Bekr\u00e4fta e-postadress:<br \/>\n<span class=\"wpcf7-form-control-wrap\" data-name=\"text-733\"><input size=\"40\" maxlength=\"400\" class=\"wpcf7-form-control wpcf7-text\" aria-invalid=\"false\" placeholder=\"e-post:\" value=\"\" type=\"text\" name=\"text-733\" \/><\/span><br \/>\n<\/label>\n\t<\/p>\n\t<div class=\"my-img-desktop\">\n\t\t<p><img decoding=\"async\"  src=\"https:\/\/aluna.se\/wp-content\/uploads\/2025\/11\/aluna.eu-serwis-grafika-szwedzki.jpg\" width=\"500\" \/>\n\t\t<\/p>\n\t<\/div>\n<\/div>\n<p><label class=\"my-form-title title-2\">Produkt<\/label>\n<\/p>\n<div class=\"my-form col-50-left\">\n\t<p><label> Produktmodell:<br \/>\n<span class=\"wpcf7-form-control-wrap\" data-name=\"text-90\"><input size=\"40\" maxlength=\"400\" class=\"wpcf7-form-control wpcf7-text\" aria-invalid=\"false\" placeholder=\"Produktmodell\" value=\"\" type=\"text\" name=\"text-90\" \/><\/span><br \/>\n<\/label>\n\t<\/p>\n<\/div>\n<div class=\"my-form col-50-right\">\n\t<p><label> Takets serienummer:<br \/>\n<span class=\"wpcf7-form-control-wrap\" data-name=\"text-91\"><input size=\"40\" maxlength=\"400\" class=\"wpcf7-form-control wpcf7-text\" aria-invalid=\"false\" placeholder=\"Takets serienummer\" value=\"\" type=\"text\" name=\"text-91\" \/><\/span><br \/>\n<\/label><br \/>\n<span style=\"color: #EC6608; font-size: 14px; font-weight: 200; font-family: 'Lexend', Sans-serif; float: right;\" class=\"toggle-nr-seryjny\"><br \/>\nVar kan jag hitta takets serienummer?<br \/>\n<\/span>\n\t<\/p>\n\t<p><img decoding=\"async\" class=\"toggled-img\" src=\"https:\/\/aluna.se\/wp-content\/uploads\/2025\/11\/aluna.eu-serwis-grafika-szwedzki.jpg\" width=\"500\" \/><br \/>\n<script>\njQuery( \".toggle-nr-seryjny\" ).click(function() {\n jQuery( \".toggled-img\" ).toggle();\n});\n<\/script>\n\t<\/p>\n<\/div>\n<div class=\"my-form-separator-black\">\n<\/div>\n<p><label> \u00c4mne:<br \/>\n<span class=\"wpcf7-form-control-wrap\" data-name=\"text-92\"><input size=\"40\" maxlength=\"400\" class=\"wpcf7-form-control wpcf7-text\" aria-invalid=\"false\" placeholder=\"\u00c4mne\" value=\"\" type=\"text\" name=\"text-92\" \/><\/span><br \/>\n<\/label>\n<\/p>\n<p><label> Beskrivning:<br \/>\n<span class=\"wpcf7-form-control-wrap\" data-name=\"textarea-325\"><textarea cols=\"40\" rows=\"8\" maxlength=\"2000\" class=\"wpcf7-form-control wpcf7-textarea\" aria-invalid=\"false\" placeholder=\"Beskriv kortfattat ditt problem och omst\u00e4ndigheterna kring det.\" name=\"textarea-325\"><\/textarea><\/span><br \/>\n<\/label>\n<\/p>\n<p><label> Bilagor:<br \/>\n<div id=\"mfcf7_zl_multifilecontainer\"><span class=\"mfcf7-zl-multiline-sample\" style=\"display:none\"><p class=\"wpcf7-form-control-wrap multilinefile-933\"><input size=\"40\" class=\"wpcf7-form-control wpcf7-multilinefile\" multiple=\"multiple\" value=\"Bifoga filer\" aria-invalid=\"false\" type=\"file\" name=\"multilinefile-933[]\" \/> <span class=\"mfcf7-zl-multifile-name\"><\/span><a href=\"javascript:void(0);\" class=\"mfcf7_zl_delete_file\"><span class=\"delete-file\" aria-hidden=\"true\">&#x274C;<\/span><\/a><\/p><\/span><\/div><span class=\"wpcf7-form-control-wrap zl-form-control-wrap multilinefile-933\"><input size=\"40\" class=\"wpcf7-form-control wpcf7-multilinefile\" multiple=\"multiple\" value=\"Bifoga filer\" aria-invalid=\"false\" type=\"file\" name=\"multilinefile-933[]\" \/> <span class=\"mfcf7-zl-multifile-name\"><\/span><a href=\"javascript:void(0);\" class=\"mfcf7_zl_delete_file\"><span class=\"delete-file\" aria-hidden=\"true\">&#x274C;<\/span><\/a><\/span><p><label><span class=\"wpcf7-form-control-wrap\" data-name=\"multilinefile-933-zl-mfcf7-upld-btn\"><input type=\"button\" name=\"multilinefile-933-zl-mfcf7-upld-btn\" class=\"button button-primary qbutton\" id=\"mfcf7_zl_add_file\" value=\"Bifoga filer\"><\/span><\/label><\/p> <span class=\"add-w-40\" style=\"color: #C4C4C4;\">Skicka g\u00e4rna foton eller video som visar oegentligheten<\/span><br \/>\n<\/label>\n<\/p>\n<div class=\"my-form-separator-black2\">\n<\/div>\n<div class=\"my-form col-50-left\">\n\t<p><span style=\"color: #C4C4C4; font-size: 14px; font-weight: 400; font-family: 'Lexend', Sans-serif;\">Klagom\u00e5lsprocessen varar upp till 14 dagar fr\u00e5n inl\u00e4mningsdatumet.<\/span>\n\t<\/p>\n<\/div>\n<div class=\"my-form col-50-right\">\n\t<p class=\"my-submit-but\"><input class=\"wpcf7-form-control wpcf7-submit has-spinner\" type=\"submit\" value=\"Skicka\" \/>\n\t<\/p>\n<\/div><div class=\"wpcf7-response-output\" aria-hidden=\"true\"><\/div>\n<input type=\"hidden\" name=\"trp-form-language\" value=\"sv\"\/><\/form>\n<\/div>\n<\/div>\n\t\t\t\t\t\t<\/div>\n\t\t\t\t<\/div>\n\t\t\t\t\t<\/div>\n\t\t<\/div>\n\t\t\t\t\t<\/div>\n\t\t<\/section>\n\t\t\t\t<section class=\"elementor-section elementor-top-section elementor-element elementor-element-cb9eeec elementor-section-height-min-height elementor-section-boxed elementor-section-height-default elementor-section-items-middle\" data-id=\"cb9eeec\" data-element_type=\"section\" data-settings=\"{&quot;background_background&quot;:&quot;classic&quot;,&quot;_ha_eqh_enable&quot;:false}\">\n\t\t\t\t\t\t<div class=\"elementor-container elementor-column-gap-default\">\n\t\t\t\t\t<div class=\"elementor-column elementor-col-100 elementor-top-column elementor-element elementor-element-e0c5f0b\" data-id=\"e0c5f0b\" data-element_type=\"column\">\n\t\t\t<div class=\"elementor-widget-wrap elementor-element-populated\">\n\t\t\t\t\t\t<div class=\"elementor-element elementor-element-4176294 elementor-widget elementor-widget-heading\" data-id=\"4176294\" data-element_type=\"widget\" data-widget_type=\"heading.default\">\n\t\t\t\t<div class=\"elementor-widget-container\">\n\t\t\t\t\t<h2 class=\"elementor-heading-title elementor-size-default\">Beh\u00f6ver du snabba telefonr\u00e5d? <br>Ring oss: <br>+48 61 656 66 06<\/h2>\t\t\t\t<\/div>\n\t\t\t\t<\/div>\n\t\t\t\t\t<\/div>\n\t\t<\/div>\n\t\t\t\t\t<\/div>\n\t\t<\/section>\n\t\t\t\t<\/div>","protected":false},"excerpt":{"rendered":"<p>Service Om du har n\u00e5gra kommentarer om produkten du best\u00e4llt, v\u00e4nligen fyll i reklamationsformul\u00e4ret. Vi kommer att g\u00f6ra allt vi kan f\u00f6r att uppfylla dina f\u00f6rv\u00e4ntningar. Instruktions-\/installationsmanual f\u00f6r ditt tak hittar du h\u00e4r nedan: Klicka h\u00e4r Beh\u00f6ver du snabba telefonr\u00e5d? Ring oss: +48 61 656 66 06<\/p>","protected":false},"author":1,"featured_media":0,"parent":0,"menu_order":0,"comment_status":"closed","ping_status":"closed","template":"","meta":{"footnotes":""},"class_list":["post-1148","page","type-page","status-publish","hentry"],"_links":{"self":[{"href":"https:\/\/aluna.se\/sv\/wp-json\/wp\/v2\/pages\/1148","targetHints":{"allow":["GET"]}}],"collection":[{"href":"https:\/\/aluna.se\/sv\/wp-json\/wp\/v2\/pages"}],"about":[{"href":"https:\/\/aluna.se\/sv\/wp-json\/wp\/v2\/types\/page"}],"author":[{"embeddable":true,"href":"https:\/\/aluna.se\/sv\/wp-json\/wp\/v2\/users\/1"}],"replies":[{"embeddable":true,"href":"https:\/\/aluna.se\/sv\/wp-json\/wp\/v2\/comments?post=1148"}],"version-history":[{"count":19,"href":"https:\/\/aluna.se\/sv\/wp-json\/wp\/v2\/pages\/1148\/revisions"}],"predecessor-version":[{"id":47067,"href":"https:\/\/aluna.se\/sv\/wp-json\/wp\/v2\/pages\/1148\/revisions\/47067"}],"wp:attachment":[{"href":"https:\/\/aluna.se\/sv\/wp-json\/wp\/v2\/media?parent=1148"}],"curies":[{"name":"wp","href":"https:\/\/api.w.org\/{rel}","templated":true}]}}