{"id":2611,"date":"2022-04-04T20:27:06","date_gmt":"2022-04-04T18:27:06","guid":{"rendered":"http:\/\/aluna.sitenaw.net\/?page_id=2611"},"modified":"2025-11-04T13:43:32","modified_gmt":"2025-11-04T12:43:32","slug":"design","status":"publish","type":"page","link":"https:\/\/aluna.se\/sv\/design\/","title":{"rendered":"Design"},"content":{"rendered":"<div data-elementor-type=\"wp-page\" data-elementor-id=\"2611\" class=\"elementor elementor-2611\" data-elementor-settings=\"{&quot;ha_cmc_init_switcher&quot;:&quot;no&quot;}\" data-elementor-post-type=\"page\">\n\t\t\t\t\t\t<section class=\"elementor-section elementor-top-section elementor-element elementor-element-81cc81e elementor-section-height-min-height elementor-hidden-tablet elementor-hidden-mobile my-mac-sec elementor-section-boxed elementor-section-height-default elementor-section-items-middle\" data-id=\"81cc81e\" data-element_type=\"section\" data-settings=\"{&quot;background_background&quot;:&quot;gradient&quot;,&quot;_ha_eqh_enable&quot;:false}\">\n\t\t\t\t\t\t\t<div class=\"elementor-background-overlay\"><\/div>\n\t\t\t\t\t\t\t<div class=\"elementor-container elementor-column-gap-default\">\n\t\t\t\t\t<div class=\"elementor-column elementor-col-100 elementor-top-column elementor-element elementor-element-d7f8912\" data-id=\"d7f8912\" data-element_type=\"column\">\n\t\t\t<div class=\"elementor-widget-wrap elementor-element-populated\">\n\t\t\t\t\t\t<div class=\"elementor-element elementor-element-47d7182 elementor-widget elementor-widget-heading\" data-id=\"47d7182\" data-element_type=\"widget\" data-widget_type=\"heading.default\">\n\t\t\t\t<div class=\"elementor-widget-container\">\n\t\t\t\t\t<div class=\"elementor-heading-title elementor-size-default\"><span style=\"color:#EC6608\">Design<\/span> som v\u00e4cker positiva k\u00e4nslor<\/div>\t\t\t\t<\/div>\n\t\t\t\t<\/div>\n\t\t\t\t<div class=\"elementor-element elementor-element-aa019c7 elementor-hidden-tablet elementor-hidden-mobile elementor-widget elementor-widget-text-editor\" data-id=\"aa019c7\" data-element_type=\"widget\" data-widget_type=\"text-editor.default\">\n\t\t\t\t<div class=\"elementor-widget-container\">\n\t\t\t\t\t\t\t\t\t<p>Aluna\u00aes m\u00e5ngsidiga team av designers \u00e4r inte r\u00e4dda f\u00f6r ens de sv\u00e5raste utmaningarna. Vi \u00e4r dj\u00e4rva och redo att ta oss an alla uppgifter. Genom dialog med v\u00e5ra kunder implementerar och skapar vi en personlig upps\u00e4ttning f\u00f6rm\u00e5ner f\u00f6r dem \u2013 vi ger 200 % av oss sj\u00e4lva f\u00f6r att s\u00e4kerst\u00e4lla kundn\u00f6jdhet.<\/p>\t\t\t\t\t\t\t\t<\/div>\n\t\t\t\t<\/div>\n\t\t\t\t\t<\/div>\n\t\t<\/div>\n\t\t\t\t\t<\/div>\n\t\t<\/section>\n\t\t\t\t<section class=\"elementor-section elementor-top-section elementor-element elementor-element-ee61fcf elementor-section-height-min-height elementor-hidden-desktop elementor-section-boxed elementor-section-height-default elementor-section-items-middle\" data-id=\"ee61fcf\" data-element_type=\"section\" data-settings=\"{&quot;_ha_eqh_enable&quot;:false}\">\n\t\t\t\t\t\t<div class=\"elementor-container elementor-column-gap-default\">\n\t\t\t\t\t<div class=\"elementor-column elementor-col-100 elementor-top-column elementor-element elementor-element-8f1d2ac\" data-id=\"8f1d2ac\" data-element_type=\"column\">\n\t\t\t<div class=\"elementor-widget-wrap elementor-element-populated\">\n\t\t\t\t\t\t<div class=\"elementor-element elementor-element-ef3e731 elementor-widget elementor-widget-heading\" data-id=\"ef3e731\" data-element_type=\"widget\" data-widget_type=\"heading.default\">\n\t\t\t\t<div class=\"elementor-widget-container\">\n\t\t\t\t\t<div class=\"elementor-heading-title elementor-size-default\"><span style=\"color:#EC6608\">Design<\/span> som v\u00e4cker positiva k\u00e4nslor<\/div>\t\t\t\t<\/div>\n\t\t\t\t<\/div>\n\t\t\t\t<div class=\"elementor-element elementor-element-76d63c2 elementor-hidden-desktop elementor-widget elementor-widget-spacer\" data-id=\"76d63c2\" data-element_type=\"widget\" data-widget_type=\"spacer.default\">\n\t\t\t\t<div class=\"elementor-widget-container\">\n\t\t\t\t\t\t\t<div class=\"elementor-spacer\">\n\t\t\t<div class=\"elementor-spacer-inner\"><\/div>\n\t\t<\/div>\n\t\t\t\t\t\t<\/div>\n\t\t\t\t<\/div>\n\t\t\t\t<div class=\"elementor-element elementor-element-58edb6b elementor-widget elementor-widget-image\" data-id=\"58edb6b\" data-element_type=\"widget\" data-widget_type=\"image.default\">\n\t\t\t\t<div class=\"elementor-widget-container\">\n\t\t\t\t\t\t\t\t\t\t\t\t\t\t\t<img fetchpriority=\"high\" decoding=\"async\" width=\"2202\" height=\"835\" src=\"https:\/\/aluna.se\/wp-content\/uploads\/2022\/07\/2018-Front-Prestige-II-m-2.jpg\" class=\"attachment-full size-full wp-image-14241\" alt=\"\" srcset=\"https:\/\/aluna.se\/wp-content\/uploads\/2022\/07\/2018-Front-Prestige-II-m-2.jpg 2202w, https:\/\/aluna.se\/wp-content\/uploads\/2022\/07\/2018-Front-Prestige-II-m-2-300x114.jpg 300w, https:\/\/aluna.se\/wp-content\/uploads\/2022\/07\/2018-Front-Prestige-II-m-2-1024x388.jpg 1024w, https:\/\/aluna.se\/wp-content\/uploads\/2022\/07\/2018-Front-Prestige-II-m-2-768x291.jpg 768w, https:\/\/aluna.se\/wp-content\/uploads\/2022\/07\/2018-Front-Prestige-II-m-2-1536x582.jpg 1536w, https:\/\/aluna.se\/wp-content\/uploads\/2022\/07\/2018-Front-Prestige-II-m-2-2048x777.jpg 2048w\" sizes=\"(max-width: 2202px) 100vw, 2202px\" \/>\t\t\t\t\t\t\t\t\t\t\t\t\t\t\t<\/div>\n\t\t\t\t<\/div>\n\t\t\t\t<div class=\"elementor-element elementor-element-b61dbcb elementor-widget elementor-widget-text-editor\" data-id=\"b61dbcb\" data-element_type=\"widget\" data-widget_type=\"text-editor.default\">\n\t\t\t\t<div class=\"elementor-widget-container\">\n\t\t\t\t\t\t\t\t\t<p>Aluna\u00aes m\u00e5ngsidiga team av designers \u00e4r inte r\u00e4dda f\u00f6r ens de tuffaste utmaningarna. Vi \u00e4r dj\u00e4rva och redo att ta oss an alla uppgifter. Genom dialog med v\u00e5ra kunder skapar och implementerar vi en personlig upps\u00e4ttning f\u00f6rdelar baserade p\u00e5 designt\u00e4nkande. Vi ger 200 % av oss sj\u00e4lva f\u00f6r att s\u00e4kerst\u00e4lla kundn\u00f6jdhet.<\/p>\t\t\t\t\t\t\t\t<\/div>\n\t\t\t\t<\/div>\n\t\t\t\t<div class=\"elementor-element elementor-element-f8fdd9f elementor-hidden-desktop elementor-view-default elementor-widget elementor-widget-icon\" data-id=\"f8fdd9f\" data-element_type=\"widget\" data-widget_type=\"icon.default\">\n\t\t\t\t<div class=\"elementor-widget-container\">\n\t\t\t\t\t\t\t<div class=\"elementor-icon-wrapper\">\n\t\t\t<a class=\"elementor-icon\" href=\"#wiecej\">\n\t\t\t<svg xmlns=\"http:\/\/www.w3.org\/2000\/svg\" width=\"43\" height=\"20\" viewbox=\"0 0 43 20\" fill=\"none\"><path d=\"M1.95312 2L21.4767 17.5244L41.0002 2\" stroke=\"#EEEEEE\" stroke-width=\"3\" stroke-linecap=\"round\" stroke-linejoin=\"round\"><\/path><\/svg>\t\t\t<\/a>\n\t\t<\/div>\n\t\t\t\t\t\t<\/div>\n\t\t\t\t<\/div>\n\t\t\t\t\t<\/div>\n\t\t<\/div>\n\t\t\t\t\t<\/div>\n\t\t<\/section>\n\t\t\t\t<section class=\"elementor-section elementor-top-section elementor-element elementor-element-51fdcf8 elementor-section-height-min-height elementor-section-boxed elementor-section-height-default elementor-section-items-middle\" data-id=\"51fdcf8\" data-element_type=\"section\" id=\"wiecej\" data-settings=\"{&quot;_ha_eqh_enable&quot;:false}\">\n\t\t\t\t\t\t<div class=\"elementor-container elementor-column-gap-default\">\n\t\t\t\t\t<div class=\"elementor-column elementor-col-100 elementor-top-column elementor-element elementor-element-7d32e52\" data-id=\"7d32e52\" data-element_type=\"column\">\n\t\t\t<div class=\"elementor-widget-wrap elementor-element-populated\">\n\t\t\t\t\t\t<div class=\"elementor-element elementor-element-3bed162 elementor-hidden-tablet elementor-hidden-mobile elementor-widget elementor-widget-heading\" data-id=\"3bed162\" data-element_type=\"widget\" data-widget_type=\"heading.default\">\n\t\t\t\t<div class=\"elementor-widget-container\">\n\t\t\t\t\t<div class=\"elementor-heading-title elementor-size-default\">Passion, innovation, teknologi och unik design. <br>\nTusentals n\u00f6jda anv\u00e4ndare i 25 europeiska l\u00e4nder<\/div>\t\t\t\t<\/div>\n\t\t\t\t<\/div>\n\t\t\t\t<div class=\"elementor-element elementor-element-0bfaa2e elementor-hidden-desktop elementor-widget elementor-widget-heading\" data-id=\"0bfaa2e\" data-element_type=\"widget\" data-widget_type=\"heading.default\">\n\t\t\t\t<div class=\"elementor-widget-container\">\n\t\t\t\t\t<div class=\"elementor-heading-title elementor-size-default\">Passion, innovation, teknologi och unik design. <br>\nTusentals n\u00f6jda anv\u00e4ndare i 25 europeiska l\u00e4nder<\/div>\t\t\t\t<\/div>\n\t\t\t\t<\/div>\n\t\t\t\t\t<\/div>\n\t\t<\/div>\n\t\t\t\t\t<\/div>\n\t\t<\/section>\n\t\t\t\t<section class=\"elementor-section elementor-top-section elementor-element elementor-element-2316b32 elementor-section-boxed elementor-section-height-default elementor-section-height-default\" data-id=\"2316b32\" data-element_type=\"section\" data-settings=\"{&quot;_ha_eqh_enable&quot;:false}\">\n\t\t\t\t\t\t<div class=\"elementor-container elementor-column-gap-default\">\n\t\t\t\t\t<div class=\"elementor-column elementor-col-50 elementor-top-column elementor-element elementor-element-133fc4e\" data-id=\"133fc4e\" data-element_type=\"column\">\n\t\t\t<div class=\"elementor-widget-wrap elementor-element-populated\">\n\t\t\t\t\t\t<div class=\"elementor-element elementor-element-e671b1a elementor-widget elementor-widget-image\" data-id=\"e671b1a\" data-element_type=\"widget\" data-widget_type=\"image.default\">\n\t\t\t\t<div class=\"elementor-widget-container\">\n\t\t\t\t\t\t\t\t\t\t\t\t\t\t\t<img decoding=\"async\" width=\"665\" height=\"476\" src=\"https:\/\/aluna.se\/wp-content\/uploads\/2022\/04\/Rectangle-16.png\" class=\"attachment-large size-large wp-image-3525\" alt=\"\" srcset=\"https:\/\/aluna.se\/wp-content\/uploads\/2022\/04\/Rectangle-16.png 665w, https:\/\/aluna.se\/wp-content\/uploads\/2022\/04\/Rectangle-16-300x215.png 300w\" sizes=\"(max-width: 665px) 100vw, 665px\" \/>\t\t\t\t\t\t\t\t\t\t\t\t\t\t\t<\/div>\n\t\t\t\t<\/div>\n\t\t\t\t\t<\/div>\n\t\t<\/div>\n\t\t\t\t<div class=\"elementor-column elementor-col-50 elementor-top-column elementor-element elementor-element-2608cba\" data-id=\"2608cba\" data-element_type=\"column\">\n\t\t\t<div class=\"elementor-widget-wrap elementor-element-populated\">\n\t\t\t\t\t\t<div class=\"elementor-element elementor-element-856d168 elementor-widget elementor-widget-heading\" data-id=\"856d168\" data-element_type=\"widget\" data-widget_type=\"heading.default\">\n\t\t\t\t<div class=\"elementor-widget-container\">\n\t\t\t\t\t<div class=\"elementor-heading-title elementor-size-default\">Aluna\u00ae uppdrag och syfte<\/div>\t\t\t\t<\/div>\n\t\t\t\t<\/div>\n\t\t\t\t<div class=\"elementor-element elementor-element-1180496 elementor-widget elementor-widget-text-editor\" data-id=\"1180496\" data-element_type=\"widget\" data-widget_type=\"text-editor.default\">\n\t\t\t\t<div class=\"elementor-widget-container\">\n\t\t\t\t\t\t\t\t\t<p>Vi skapar Aluna\u00ae-produkter med dig och dina n\u00e4ra och k\u00e4ra i \u00e5tanke. V\u00e5rt uppdrag \u00e4r att s\u00e4kerst\u00e4lla att du f\u00e5r problemfria, h\u00e5llbara tak med design i v\u00e4rldsklass. Kundn\u00f6jdhet \u00e4r av st\u00f6rsta vikt, och det \u00e4r d\u00e4rf\u00f6r vi kontinuerligt utvecklar v\u00e5r personal och moderniserar v\u00e5r teknik f\u00f6r att ut\u00f6ka v\u00e5rt produktutbud. Vi v\u00e4rdes\u00e4tter v\u00e5ra relationer med kunder, partners, leverant\u00f6rer och alla omkring oss, f\u00f6r bara genom att lita p\u00e5 varandra kan vi uppn\u00e5 fullst\u00e4ndig framg\u00e5ng tillsammans.<\/p>\t\t\t\t\t\t\t\t<\/div>\n\t\t\t\t<\/div>\n\t\t\t\t\t<\/div>\n\t\t<\/div>\n\t\t\t\t\t<\/div>\n\t\t<\/section>\n\t\t\t\t<section class=\"elementor-section elementor-top-section elementor-element elementor-element-d072bc3 elementor-reverse-tablet elementor-reverse-mobile elementor-section-boxed elementor-section-height-default elementor-section-height-default\" data-id=\"d072bc3\" data-element_type=\"section\" data-settings=\"{&quot;_ha_eqh_enable&quot;:false}\">\n\t\t\t\t\t\t<div class=\"elementor-container elementor-column-gap-default\">\n\t\t\t\t\t<div class=\"elementor-column elementor-col-50 elementor-top-column elementor-element elementor-element-e6a22dd\" data-id=\"e6a22dd\" data-element_type=\"column\">\n\t\t\t<div class=\"elementor-widget-wrap elementor-element-populated\">\n\t\t\t\t\t\t<div class=\"elementor-element elementor-element-629364a elementor-widget elementor-widget-heading\" data-id=\"629364a\" data-element_type=\"widget\" data-widget_type=\"heading.default\">\n\t\t\t\t<div class=\"elementor-widget-container\">\n\t\t\t\t\t<div class=\"elementor-heading-title elementor-size-default\">Aluna\u00ae-teamet\n<br>\nF\u00f6r oss \u00e4r kunden det viktigaste<\/div>\t\t\t\t<\/div>\n\t\t\t\t<\/div>\n\t\t\t\t<div class=\"elementor-element elementor-element-623033c elementor-widget elementor-widget-text-editor\" data-id=\"623033c\" data-element_type=\"widget\" data-widget_type=\"text-editor.default\">\n\t\t\t\t<div class=\"elementor-widget-container\">\n\t\t\t\t\t\t\t\t\t<p>Design f\u00f6r Aluna\u00ae inneb\u00e4r verkliga f\u00f6rdelar som oms\u00e4tts i funktionalitet, anv\u00e4ndningss\u00e4kerhet, unik form och anv\u00e4ndning av de b\u00e4sta materialen och produktionssystemen.<\/p>\t\t\t\t\t\t\t\t<\/div>\n\t\t\t\t<\/div>\n\t\t\t\t\t<\/div>\n\t\t<\/div>\n\t\t\t\t<div class=\"elementor-column elementor-col-50 elementor-top-column elementor-element elementor-element-4b098c9\" data-id=\"4b098c9\" data-element_type=\"column\">\n\t\t\t<div class=\"elementor-widget-wrap elementor-element-populated\">\n\t\t\t\t\t\t<div class=\"elementor-element elementor-element-21f4cc1 elementor-widget elementor-widget-image\" data-id=\"21f4cc1\" data-element_type=\"widget\" data-widget_type=\"image.default\">\n\t\t\t\t<div class=\"elementor-widget-container\">\n\t\t\t\t\t\t\t\t\t\t\t\t\t\t\t<img decoding=\"async\" width=\"768\" height=\"1024\" src=\"https:\/\/aluna.se\/wp-content\/uploads\/2025\/11\/4-768x1024.jpg\" class=\"attachment-large size-large wp-image-46743\" alt=\"\" srcset=\"https:\/\/aluna.se\/wp-content\/uploads\/2025\/11\/4-768x1024.jpg 768w, https:\/\/aluna.se\/wp-content\/uploads\/2025\/11\/4-225x300.jpg 225w, https:\/\/aluna.se\/wp-content\/uploads\/2025\/11\/4-1152x1536.jpg 1152w, https:\/\/aluna.se\/wp-content\/uploads\/2025\/11\/4-9x12.jpg 9w, https:\/\/aluna.se\/wp-content\/uploads\/2025\/11\/4-600x800.jpg 600w, https:\/\/aluna.se\/wp-content\/uploads\/2025\/11\/4-487x649.jpg 487w, https:\/\/aluna.se\/wp-content\/uploads\/2025\/11\/4.jpg 1200w\" sizes=\"(max-width: 768px) 100vw, 768px\" \/>\t\t\t\t\t\t\t\t\t\t\t\t\t\t\t<\/div>\n\t\t\t\t<\/div>\n\t\t\t\t\t<\/div>\n\t\t<\/div>\n\t\t\t\t\t<\/div>\n\t\t<\/section>\n\t\t\t\t<section class=\"elementor-section elementor-top-section elementor-element elementor-element-53b75b4 elementor-section-boxed elementor-section-height-default elementor-section-height-default\" data-id=\"53b75b4\" data-element_type=\"section\" data-settings=\"{&quot;_ha_eqh_enable&quot;:false}\">\n\t\t\t\t\t\t<div class=\"elementor-container elementor-column-gap-default\">\n\t\t\t\t\t<div class=\"elementor-column elementor-col-50 elementor-top-column elementor-element elementor-element-57077ad\" data-id=\"57077ad\" data-element_type=\"column\">\n\t\t\t<div class=\"elementor-widget-wrap elementor-element-populated\">\n\t\t\t\t\t\t<div class=\"elementor-element elementor-element-8c87391 elementor-widget elementor-widget-image\" data-id=\"8c87391\" data-element_type=\"widget\" data-widget_type=\"image.default\">\n\t\t\t\t<div class=\"elementor-widget-container\">\n\t\t\t\t\t\t\t\t\t\t\t\t\t\t\t<img loading=\"lazy\" decoding=\"async\" width=\"800\" height=\"600\" src=\"https:\/\/aluna.se\/wp-content\/uploads\/2025\/11\/3-1024x768.jpg\" class=\"attachment-large size-large wp-image-46742\" alt=\"\" srcset=\"https:\/\/aluna.se\/wp-content\/uploads\/2025\/11\/3-1024x768.jpg 1024w, https:\/\/aluna.se\/wp-content\/uploads\/2025\/11\/3-300x225.jpg 300w, https:\/\/aluna.se\/wp-content\/uploads\/2025\/11\/3-768x576.jpg 768w, https:\/\/aluna.se\/wp-content\/uploads\/2025\/11\/3-1536x1152.jpg 1536w, https:\/\/aluna.se\/wp-content\/uploads\/2025\/11\/3-16x12.jpg 16w, https:\/\/aluna.se\/wp-content\/uploads\/2025\/11\/3-600x450.jpg 600w, https:\/\/aluna.se\/wp-content\/uploads\/2025\/11\/3-865x649.jpg 865w, https:\/\/aluna.se\/wp-content\/uploads\/2025\/11\/3.jpg 1600w\" sizes=\"(max-width: 800px) 100vw, 800px\" \/>\t\t\t\t\t\t\t\t\t\t\t\t\t\t\t<\/div>\n\t\t\t\t<\/div>\n\t\t\t\t\t<\/div>\n\t\t<\/div>\n\t\t\t\t<div class=\"elementor-column elementor-col-50 elementor-top-column elementor-element elementor-element-d1dc201\" data-id=\"d1dc201\" data-element_type=\"column\">\n\t\t\t<div class=\"elementor-widget-wrap elementor-element-populated\">\n\t\t\t\t\t\t<div class=\"elementor-element elementor-element-de530e8 elementor-widget elementor-widget-text-editor\" data-id=\"de530e8\" data-element_type=\"widget\" data-widget_type=\"text-editor.default\">\n\t\t\t\t<div class=\"elementor-widget-container\">\n\t\t\t\t\t\t\t\t\t<p>Vi f\u00f6ljer och analyserar noggrant globala trender f\u00f6r att s\u00e4kerst\u00e4lla att den perfekta produkten skapas i kombination med v\u00e5ra designers kreativitet och v\u00e5ra installat\u00f6rers kunskap och hantverksskicklighet. Aluna\u00ae-teamets m\u00e5l \u00e4r att skapa och implementera innovativa l\u00f6sningar i form av nya produkter, innovativa teknologier och tj\u00e4nster av h\u00f6gsta kvalitet.<\/p>\t\t\t\t\t\t\t\t<\/div>\n\t\t\t\t<\/div>\n\t\t\t\t\t<\/div>\n\t\t<\/div>\n\t\t\t\t\t<\/div>\n\t\t<\/section>\n\t\t\t\t<section class=\"elementor-section elementor-top-section elementor-element elementor-element-7058de2 elementor-reverse-tablet elementor-reverse-mobile elementor-section-boxed elementor-section-height-default elementor-section-height-default\" data-id=\"7058de2\" data-element_type=\"section\" data-settings=\"{&quot;_ha_eqh_enable&quot;:false}\">\n\t\t\t\t\t\t<div class=\"elementor-container elementor-column-gap-default\">\n\t\t\t\t\t<div class=\"elementor-column elementor-col-50 elementor-top-column elementor-element elementor-element-df45b82\" data-id=\"df45b82\" data-element_type=\"column\">\n\t\t\t<div class=\"elementor-widget-wrap elementor-element-populated\">\n\t\t\t\t\t\t<div class=\"elementor-element elementor-element-543f49f elementor-hidden-desktop elementor-widget elementor-widget-heading\" data-id=\"543f49f\" data-element_type=\"widget\" data-widget_type=\"heading.default\">\n\t\t\t\t<div class=\"elementor-widget-container\">\n\t\t\t\t\t<div class=\"elementor-heading-title elementor-size-default\">Aluna\u00ae Design- och Tekniska Kontor\n<br>\n- Vi kombinerar innovation och utveckling<\/div>\t\t\t\t<\/div>\n\t\t\t\t<\/div>\n\t\t\t\t<div class=\"elementor-element elementor-element-d94aa9a elementor-hidden-tablet elementor-hidden-mobile elementor-widget elementor-widget-heading\" data-id=\"d94aa9a\" data-element_type=\"widget\" data-widget_type=\"heading.default\">\n\t\t\t\t<div class=\"elementor-widget-container\">\n\t\t\t\t\t<div class=\"elementor-heading-title elementor-size-default\">Aluna\u00ae Design- och Tekniska Kontor\n<br>\n- Vi kombinerar innovation och utveckling<\/div>\t\t\t\t<\/div>\n\t\t\t\t<\/div>\n\t\t\t\t<div class=\"elementor-element elementor-element-3ec16f6 elementor-widget elementor-widget-text-editor\" data-id=\"3ec16f6\" data-element_type=\"widget\" data-widget_type=\"text-editor.default\">\n\t\t\t\t<div class=\"elementor-widget-container\">\n\t\t\t\t\t\t\t\t\t<p>Att skapa innovation kr\u00e4ver tid, god organisation och beg\u00e5vade m\u00e4nniskor. Med v\u00e5ra kunder i \u00e5tanke st\u00f6der vi Aluna\u00ae forsknings- och utvecklingsverkstad, d\u00e4r vi st\u00e4ndigt s\u00f6ker efter nya och f\u00f6rb\u00e4ttrade l\u00f6sningar. Vi investerar i moderna maskiner och samarbetar endast med de b\u00e4sta leverant\u00f6rerna och tillverkarna.<\/p>\t\t\t\t\t\t\t\t<\/div>\n\t\t\t\t<\/div>\n\t\t\t\t\t<\/div>\n\t\t<\/div>\n\t\t\t\t<div class=\"elementor-column elementor-col-50 elementor-top-column elementor-element elementor-element-7533263\" data-id=\"7533263\" data-element_type=\"column\">\n\t\t\t<div class=\"elementor-widget-wrap elementor-element-populated\">\n\t\t\t\t\t\t<div class=\"elementor-element elementor-element-03d38a9 elementor-widget elementor-widget-image\" data-id=\"03d38a9\" data-element_type=\"widget\" data-widget_type=\"image.default\">\n\t\t\t\t<div class=\"elementor-widget-container\">\n\t\t\t\t\t\t\t\t\t\t\t\t\t\t\t<img loading=\"lazy\" decoding=\"async\" width=\"665\" height=\"476\" src=\"https:\/\/aluna.se\/wp-content\/uploads\/2022\/04\/Rectangle-19.png\" class=\"attachment-large size-large wp-image-3528\" alt=\"\" srcset=\"https:\/\/aluna.se\/wp-content\/uploads\/2022\/04\/Rectangle-19.png 665w, https:\/\/aluna.se\/wp-content\/uploads\/2022\/04\/Rectangle-19-300x215.png 300w\" sizes=\"(max-width: 665px) 100vw, 665px\" \/>\t\t\t\t\t\t\t\t\t\t\t\t\t\t\t<\/div>\n\t\t\t\t<\/div>\n\t\t\t\t\t<\/div>\n\t\t<\/div>\n\t\t\t\t\t<\/div>\n\t\t<\/section>\n\t\t\t\t<section class=\"elementor-section elementor-top-section elementor-element elementor-element-64441c6 elementor-section-boxed elementor-section-height-default elementor-section-height-default\" data-id=\"64441c6\" data-element_type=\"section\" data-settings=\"{&quot;_ha_eqh_enable&quot;:false}\">\n\t\t\t\t\t\t<div class=\"elementor-container elementor-column-gap-default\">\n\t\t\t\t\t<div class=\"elementor-column elementor-col-50 elementor-top-column elementor-element elementor-element-52909e9\" data-id=\"52909e9\" data-element_type=\"column\">\n\t\t\t<div class=\"elementor-widget-wrap elementor-element-populated\">\n\t\t\t\t\t\t<div class=\"elementor-element elementor-element-889a1f7 elementor-widget elementor-widget-image\" data-id=\"889a1f7\" data-element_type=\"widget\" data-widget_type=\"image.default\">\n\t\t\t\t<div class=\"elementor-widget-container\">\n\t\t\t\t\t\t\t\t\t\t\t\t\t\t\t<img loading=\"lazy\" decoding=\"async\" width=\"800\" height=\"600\" src=\"https:\/\/aluna.se\/wp-content\/uploads\/2025\/11\/5-1024x768.jpg\" class=\"attachment-large size-large wp-image-46744\" alt=\"\" srcset=\"https:\/\/aluna.se\/wp-content\/uploads\/2025\/11\/5-1024x768.jpg 1024w, https:\/\/aluna.se\/wp-content\/uploads\/2025\/11\/5-300x225.jpg 300w, https:\/\/aluna.se\/wp-content\/uploads\/2025\/11\/5-768x576.jpg 768w, https:\/\/aluna.se\/wp-content\/uploads\/2025\/11\/5-1536x1152.jpg 1536w, https:\/\/aluna.se\/wp-content\/uploads\/2025\/11\/5-16x12.jpg 16w, https:\/\/aluna.se\/wp-content\/uploads\/2025\/11\/5-600x450.jpg 600w, https:\/\/aluna.se\/wp-content\/uploads\/2025\/11\/5-865x649.jpg 865w, https:\/\/aluna.se\/wp-content\/uploads\/2025\/11\/5.jpg 1600w\" sizes=\"(max-width: 800px) 100vw, 800px\" \/>\t\t\t\t\t\t\t\t\t\t\t\t\t\t\t<\/div>\n\t\t\t\t<\/div>\n\t\t\t\t\t<\/div>\n\t\t<\/div>\n\t\t\t\t<div class=\"elementor-column elementor-col-50 elementor-top-column elementor-element elementor-element-ef8d946\" data-id=\"ef8d946\" data-element_type=\"column\">\n\t\t\t<div class=\"elementor-widget-wrap elementor-element-populated\">\n\t\t\t\t\t\t<div class=\"elementor-element elementor-element-af611d9 elementor-widget elementor-widget-heading\" data-id=\"af611d9\" data-element_type=\"widget\" data-widget_type=\"heading.default\">\n\t\t\t\t<div class=\"elementor-widget-container\">\n\t\t\t\t\t<div class=\"elementor-heading-title elementor-size-default\">Aluna\u00aes konst att designa<\/div>\t\t\t\t<\/div>\n\t\t\t\t<\/div>\n\t\t\t\t<div class=\"elementor-element elementor-element-4c3afe1 elementor-widget elementor-widget-text-editor\" data-id=\"4c3afe1\" data-element_type=\"widget\" data-widget_type=\"text-editor.default\">\n\t\t\t\t<div class=\"elementor-widget-container\">\n\t\t\t\t\t\t\t\t\t<p>Vi analyserar noggrant alla v\u00e5ra kunders f\u00f6rslag och id\u00e9er f\u00f6r att omvandla v\u00e5r erfarenhet till innovation och praktiska l\u00f6sningar. Vi st\u00e4ller oss sj\u00e4lva alltmer utmanande uppgifter, som vi konsekvent genomf\u00f6r steg f\u00f6r steg.<\/p>\t\t\t\t\t\t\t\t<\/div>\n\t\t\t\t<\/div>\n\t\t\t\t\t<\/div>\n\t\t<\/div>\n\t\t\t\t\t<\/div>\n\t\t<\/section>\n\t\t\t\t<\/div>","protected":false},"excerpt":{"rendered":"<p>Design som v\u00e4cker positiva k\u00e4nslor Aluna\u00aes m\u00e5ngsidiga team av designers \u00e4r inte r\u00e4dda f\u00f6r ens de sv\u00e5raste utmaningarna. Vi \u00e4r dj\u00e4rva och redo att ta oss an alla uppgifter. Genom dialog med v\u00e5ra kunder implementerar och skapar vi en personlig upps\u00e4ttning f\u00f6rm\u00e5ner f\u00f6r dem \u2013 vi ger 200 % av oss sj\u00e4lva f\u00f6r att s\u00e4kerst\u00e4lla [&hellip;]<\/p>","protected":false},"author":1,"featured_media":0,"parent":0,"menu_order":0,"comment_status":"closed","ping_status":"closed","template":"","meta":{"footnotes":""},"class_list":["post-2611","page","type-page","status-publish","hentry"],"_links":{"self":[{"href":"https:\/\/aluna.se\/sv\/wp-json\/wp\/v2\/pages\/2611","targetHints":{"allow":["GET"]}}],"collection":[{"href":"https:\/\/aluna.se\/sv\/wp-json\/wp\/v2\/pages"}],"about":[{"href":"https:\/\/aluna.se\/sv\/wp-json\/wp\/v2\/types\/page"}],"author":[{"embeddable":true,"href":"https:\/\/aluna.se\/sv\/wp-json\/wp\/v2\/users\/1"}],"replies":[{"embeddable":true,"href":"https:\/\/aluna.se\/sv\/wp-json\/wp\/v2\/comments?post=2611"}],"version-history":[{"count":15,"href":"https:\/\/aluna.se\/sv\/wp-json\/wp\/v2\/pages\/2611\/revisions"}],"predecessor-version":[{"id":46750,"href":"https:\/\/aluna.se\/sv\/wp-json\/wp\/v2\/pages\/2611\/revisions\/46750"}],"wp:attachment":[{"href":"https:\/\/aluna.se\/sv\/wp-json\/wp\/v2\/media?parent=2611"}],"curies":[{"name":"wp","href":"https:\/\/api.w.org\/{rel}","templated":true}]}}