{"id":505,"date":"2022-02-13T22:22:53","date_gmt":"2022-02-13T21:22:53","guid":{"rendered":"http:\/\/aluna.sitenaw.net\/?page_id=505"},"modified":"2025-11-27T11:37:23","modified_gmt":"2025-11-27T10:37:23","slug":"sakerhet","status":"publish","type":"page","link":"https:\/\/aluna.se\/sv\/sakerhet\/","title":{"rendered":"S\u00e4kerhet"},"content":{"rendered":"<div data-elementor-type=\"wp-page\" data-elementor-id=\"505\" class=\"elementor elementor-505\" data-elementor-settings=\"{&quot;ha_cmc_init_switcher&quot;:&quot;no&quot;}\" data-elementor-post-type=\"page\">\n\t\t\t\t\t\t<section class=\"elementor-section elementor-top-section elementor-element elementor-element-d19060e elementor-section-height-min-height elementor-section-boxed elementor-section-height-default elementor-section-items-middle\" data-id=\"d19060e\" data-element_type=\"section\" data-settings=\"{&quot;background_background&quot;:&quot;classic&quot;,&quot;_ha_eqh_enable&quot;:false}\">\n\t\t\t\t\t\t<div class=\"elementor-container elementor-column-gap-default\">\n\t\t\t\t\t<div class=\"elementor-column elementor-col-100 elementor-top-column elementor-element elementor-element-2fa4d83\" data-id=\"2fa4d83\" data-element_type=\"column\">\n\t\t\t<div class=\"elementor-widget-wrap elementor-element-populated\">\n\t\t\t\t\t\t<div class=\"elementor-element elementor-element-3ed3328 elementor-widget elementor-widget-heading\" data-id=\"3ed3328\" data-element_type=\"widget\" data-widget_type=\"heading.default\">\n\t\t\t\t<div class=\"elementor-widget-container\">\n\t\t\t\t\t<div class=\"elementor-heading-title elementor-size-default\">Din\n<span style=\"color:#EC6608\">s\u00e4kerhet<\/span> <br>\nkommer alltid att vara v\u00e5r prioritet.<\/div>\t\t\t\t<\/div>\n\t\t\t\t<\/div>\n\t\t\t\t<div class=\"elementor-element elementor-element-7bac9c9 elementor-widget elementor-widget-spacer\" data-id=\"7bac9c9\" data-element_type=\"widget\" data-widget_type=\"spacer.default\">\n\t\t\t\t<div class=\"elementor-widget-container\">\n\t\t\t\t\t\t\t<div class=\"elementor-spacer\">\n\t\t\t<div class=\"elementor-spacer-inner\"><\/div>\n\t\t<\/div>\n\t\t\t\t\t\t<\/div>\n\t\t\t\t<\/div>\n\t\t\t\t\t<\/div>\n\t\t<\/div>\n\t\t\t\t\t<\/div>\n\t\t<\/section>\n\t\t\t\t<section class=\"elementor-section elementor-top-section elementor-element elementor-element-a95a678 elementor-section-height-min-height elementor-section-boxed elementor-section-height-default elementor-section-items-middle\" data-id=\"a95a678\" data-element_type=\"section\" data-settings=\"{&quot;_ha_eqh_enable&quot;:false}\">\n\t\t\t\t\t\t<div class=\"elementor-container elementor-column-gap-default\">\n\t\t\t\t\t<div class=\"elementor-column elementor-col-100 elementor-top-column elementor-element elementor-element-3ca2210\" data-id=\"3ca2210\" data-element_type=\"column\">\n\t\t\t<div class=\"elementor-widget-wrap elementor-element-populated\">\n\t\t\t\t\t\t<div class=\"elementor-element elementor-element-7def03d elementor-widget elementor-widget-heading\" data-id=\"7def03d\" data-element_type=\"widget\" data-widget_type=\"heading.default\">\n\t\t\t\t<div class=\"elementor-widget-container\">\n\t\t\t\t\t<div class=\"elementor-heading-title elementor-size-default\">\u00d6ver <span style=\"color:#3264AE\">22 \u00e5rs erfarenhet<\/span> \u2013 vi l\u00e4r oss inte av <span style=\"color:#FE6B18\">dig<\/span><\/div>\t\t\t\t<\/div>\n\t\t\t\t<\/div>\n\t\t\t\t<div class=\"elementor-element elementor-element-68399e5 elementor-widget elementor-widget-text-editor\" data-id=\"68399e5\" data-element_type=\"widget\" data-widget_type=\"text-editor.default\">\n\t\t\t\t<div class=\"elementor-widget-container\">\n\t\t\t\t\t\t\t\t\t<p>V\u00e5r branscherfarenhet garanterar 100 % projektgenomf\u00f6rande.<\/p>\t\t\t\t\t\t\t\t<\/div>\n\t\t\t\t<\/div>\n\t\t\t\t\t<\/div>\n\t\t<\/div>\n\t\t\t\t\t<\/div>\n\t\t<\/section>\n\t\t\t\t<section class=\"elementor-section elementor-top-section elementor-element elementor-element-7862dbe elementor-reverse-mobile elementor-reverse-tablet elementor-section-boxed elementor-section-height-default elementor-section-height-default\" data-id=\"7862dbe\" data-element_type=\"section\" data-settings=\"{&quot;_ha_eqh_enable&quot;:false}\">\n\t\t\t\t\t\t<div class=\"elementor-container elementor-column-gap-default\">\n\t\t\t\t\t<div class=\"elementor-column elementor-col-50 elementor-top-column elementor-element elementor-element-7425562\" data-id=\"7425562\" data-element_type=\"column\">\n\t\t\t<div class=\"elementor-widget-wrap elementor-element-populated\">\n\t\t\t\t\t\t<div class=\"elementor-element elementor-element-9c5b0b2 elementor-widget elementor-widget-heading\" data-id=\"9c5b0b2\" data-element_type=\"widget\" data-widget_type=\"heading.default\">\n\t\t\t\t<div class=\"elementor-widget-container\">\n\t\t\t\t\t<div class=\"elementor-heading-title elementor-size-default\">Fr\u00e5n design till implementering<br> \u2013 vi leder dig vid handen<\/div>\t\t\t\t<\/div>\n\t\t\t\t<\/div>\n\t\t\t\t<div class=\"elementor-element elementor-element-696db10 elementor-widget elementor-widget-text-editor\" data-id=\"696db10\" data-element_type=\"widget\" data-widget_type=\"text-editor.default\">\n\t\t\t\t<div class=\"elementor-widget-container\">\n\t\t\t\t\t\t\t\t\t<p>Vi erbjuder en helt\u00e4ckande strategi \u2013 under hela genomf\u00f6randet av ditt projekt st\u00e5r du under st\u00e4ndig \u00f6vervakning av v\u00e5r design- och teknikavdelning. Under inspektionen p\u00e5 plats kommer en Aluna\u00ae-ingenj\u00f6r att genomf\u00f6ra en omfattande analys av omgivningen och v\u00e4lja den b\u00e4sta l\u00f6sningen. Som v\u00e5r kund har du kontroll \u00f6ver varje detalj i ditt projekt och \u00e4r i st\u00e4ndig kontakt med oss \u200b\u200bunder varje skede av genomf\u00f6randet. Slutresultatet av v\u00e5ra gemensamma anstr\u00e4ngningar kan bli en 3D-visualisering som perfekt illustrerar det \u00f6nskade resultatet, vilket eliminerar risken f\u00f6r missf\u00f6rst\u00e5nd under den slutliga genomf\u00f6randefasen av projektet.<\/p>\t\t\t\t\t\t\t\t<\/div>\n\t\t\t\t<\/div>\n\t\t\t\t\t<\/div>\n\t\t<\/div>\n\t\t\t\t<div class=\"elementor-column elementor-col-50 elementor-top-column elementor-element elementor-element-b777c68\" data-id=\"b777c68\" data-element_type=\"column\">\n\t\t\t<div class=\"elementor-widget-wrap elementor-element-populated\">\n\t\t\t\t\t\t<div class=\"elementor-element elementor-element-350157d elementor-widget elementor-widget-image\" data-id=\"350157d\" data-element_type=\"widget\" data-widget_type=\"image.default\">\n\t\t\t\t<div class=\"elementor-widget-container\">\n\t\t\t\t\t\t\t\t\t\t\t\t\t\t\t<img fetchpriority=\"high\" decoding=\"async\" width=\"665\" height=\"476\" src=\"https:\/\/aluna.se\/wp-content\/uploads\/2022\/04\/Rectangle-3.png\" class=\"attachment-large size-large wp-image-3491\" alt=\"\" srcset=\"https:\/\/aluna.se\/wp-content\/uploads\/2022\/04\/Rectangle-3.png 665w, https:\/\/aluna.se\/wp-content\/uploads\/2022\/04\/Rectangle-3-300x215.png 300w\" sizes=\"(max-width: 665px) 100vw, 665px\" \/>\t\t\t\t\t\t\t\t\t\t\t\t\t\t\t<\/div>\n\t\t\t\t<\/div>\n\t\t\t\t\t<\/div>\n\t\t<\/div>\n\t\t\t\t\t<\/div>\n\t\t<\/section>\n\t\t\t\t<section class=\"elementor-section elementor-top-section elementor-element elementor-element-1dad274 elementor-section-boxed elementor-section-height-default elementor-section-height-default\" data-id=\"1dad274\" data-element_type=\"section\" data-settings=\"{&quot;_ha_eqh_enable&quot;:false}\">\n\t\t\t\t\t\t<div class=\"elementor-container elementor-column-gap-default\">\n\t\t\t\t\t<div class=\"elementor-column elementor-col-50 elementor-top-column elementor-element elementor-element-a2b5fb1\" data-id=\"a2b5fb1\" data-element_type=\"column\">\n\t\t\t<div class=\"elementor-widget-wrap elementor-element-populated\">\n\t\t\t\t\t\t<div class=\"elementor-element elementor-element-7ddec58 elementor-widget elementor-widget-image\" data-id=\"7ddec58\" data-element_type=\"widget\" data-widget_type=\"image.default\">\n\t\t\t\t<div class=\"elementor-widget-container\">\n\t\t\t\t\t\t\t\t\t\t\t\t\t\t\t<img decoding=\"async\" width=\"800\" height=\"600\" src=\"https:\/\/aluna.se\/wp-content\/uploads\/2023\/12\/montaz4.jpg\" class=\"attachment-large size-large wp-image-40613\" alt=\"\" srcset=\"https:\/\/aluna.se\/wp-content\/uploads\/2023\/12\/montaz4.jpg 960w, https:\/\/aluna.se\/wp-content\/uploads\/2023\/12\/montaz4-300x225.jpg 300w, https:\/\/aluna.se\/wp-content\/uploads\/2023\/12\/montaz4-768x576.jpg 768w\" sizes=\"(max-width: 800px) 100vw, 800px\" \/>\t\t\t\t\t\t\t\t\t\t\t\t\t\t\t<\/div>\n\t\t\t\t<\/div>\n\t\t\t\t\t<\/div>\n\t\t<\/div>\n\t\t\t\t<div class=\"elementor-column elementor-col-50 elementor-top-column elementor-element elementor-element-29dae9e\" data-id=\"29dae9e\" data-element_type=\"column\">\n\t\t\t<div class=\"elementor-widget-wrap elementor-element-populated\">\n\t\t\t\t\t\t<div class=\"elementor-element elementor-element-bfa03dd elementor-widget elementor-widget-heading\" data-id=\"bfa03dd\" data-element_type=\"widget\" data-widget_type=\"heading.default\">\n\t\t\t\t<div class=\"elementor-widget-container\">\n\t\t\t\t\t<div class=\"elementor-heading-title elementor-size-default\">Transport, montering <br>\u2013 vi tar oss an det<\/div>\t\t\t\t<\/div>\n\t\t\t\t<\/div>\n\t\t\t\t<div class=\"elementor-element elementor-element-7c89d1d elementor-widget elementor-widget-text-editor\" data-id=\"7c89d1d\" data-element_type=\"widget\" data-widget_type=\"text-editor.default\">\n\t\t\t\t<div class=\"elementor-widget-container\">\n\t\t\t\t\t\t\t\t\t<p>V\u00e5ra team best\u00e5r av experter f\u00f6r att s\u00e4kerst\u00e4lla att din produkt anl\u00e4nder i perfekt skick och att du kan njuta av ditt tak inom tre timmar efter installationen.<\/p><p>Vi erbjuder fullst\u00e4ndig onlinesupport hela tiden (chatt, e-post och telefon), samt videoutbildningar som demonstrerar olika tekniska aspekter av v\u00e5ra produkter, inklusive fullst\u00e4ndiga instruktioner om hur man installerar v\u00e5rt tak.<\/p>\t\t\t\t\t\t\t\t<\/div>\n\t\t\t\t<\/div>\n\t\t\t\t\t<\/div>\n\t\t<\/div>\n\t\t\t\t\t<\/div>\n\t\t<\/section>\n\t\t\t\t<section class=\"elementor-section elementor-top-section elementor-element elementor-element-c696147 elementor-reverse-mobile elementor-reverse-tablet elementor-section-boxed elementor-section-height-default elementor-section-height-default\" data-id=\"c696147\" data-element_type=\"section\" data-settings=\"{&quot;_ha_eqh_enable&quot;:false}\">\n\t\t\t\t\t\t<div class=\"elementor-container elementor-column-gap-default\">\n\t\t\t\t\t<div class=\"elementor-column elementor-col-50 elementor-top-column elementor-element elementor-element-e2a4fcf\" data-id=\"e2a4fcf\" data-element_type=\"column\">\n\t\t\t<div class=\"elementor-widget-wrap elementor-element-populated\">\n\t\t\t\t\t\t<div class=\"elementor-element elementor-element-bfea1d3 elementor-widget elementor-widget-heading\" data-id=\"bfea1d3\" data-element_type=\"widget\" data-widget_type=\"heading.default\">\n\t\t\t\t<div class=\"elementor-widget-container\">\n\t\t\t\t\t<div class=\"elementor-heading-title elementor-size-default\">Teknik \u2013 vi skapar<br>svar p\u00e5 problem<\/div>\t\t\t\t<\/div>\n\t\t\t\t<\/div>\n\t\t\t\t<div class=\"elementor-element elementor-element-faeea14 elementor-widget elementor-widget-text-editor\" data-id=\"faeea14\" data-element_type=\"widget\" data-widget_type=\"text-editor.default\">\n\t\t\t\t<div class=\"elementor-widget-container\">\n\t\t\t\t\t\t\t\t\t<p>V\u00e5rt engagemang f\u00f6r kontinuerlig utveckling och de \u00f6ver 10 000 tak vi har f\u00e4rdigst\u00e4llt har lett oss till att skapa en rad skr\u00e4ddarsydda l\u00f6sningar f\u00f6r v\u00e5r bransch. Aluna\u00ae Premium-skenor, dolda markskenor, moderna ventilationssystem och andra specialtillbeh\u00f6r \u00e4r bara n\u00e5gra av v\u00e5ra innovationer.<\/p>\t\t\t\t\t\t\t\t<\/div>\n\t\t\t\t<\/div>\n\t\t\t\t\t<\/div>\n\t\t<\/div>\n\t\t\t\t<div class=\"elementor-column elementor-col-50 elementor-top-column elementor-element elementor-element-79a1f27\" data-id=\"79a1f27\" data-element_type=\"column\">\n\t\t\t<div class=\"elementor-widget-wrap elementor-element-populated\">\n\t\t\t\t\t\t<div class=\"elementor-element elementor-element-4797cd8 elementor-widget elementor-widget-image\" data-id=\"4797cd8\" data-element_type=\"widget\" data-widget_type=\"image.default\">\n\t\t\t\t<div class=\"elementor-widget-container\">\n\t\t\t\t\t\t\t\t\t\t\t\t\t\t\t<img decoding=\"async\" width=\"663\" height=\"476\" src=\"https:\/\/aluna.se\/wp-content\/uploads\/2022\/04\/Rectangle-5.png\" class=\"attachment-large size-large wp-image-3493\" alt=\"\" srcset=\"https:\/\/aluna.se\/wp-content\/uploads\/2022\/04\/Rectangle-5.png 663w, https:\/\/aluna.se\/wp-content\/uploads\/2022\/04\/Rectangle-5-300x215.png 300w\" sizes=\"(max-width: 663px) 100vw, 663px\" \/>\t\t\t\t\t\t\t\t\t\t\t\t\t\t\t<\/div>\n\t\t\t\t<\/div>\n\t\t\t\t\t<\/div>\n\t\t<\/div>\n\t\t\t\t\t<\/div>\n\t\t<\/section>\n\t\t\t\t<section class=\"elementor-section elementor-top-section elementor-element elementor-element-545eaeb elementor-section-height-min-height elementor-section-boxed elementor-section-height-default elementor-section-items-middle\" data-id=\"545eaeb\" data-element_type=\"section\" data-settings=\"{&quot;_ha_eqh_enable&quot;:false}\">\n\t\t\t\t\t\t<div class=\"elementor-container elementor-column-gap-default\">\n\t\t\t\t\t<div class=\"elementor-column elementor-col-100 elementor-top-column elementor-element elementor-element-c1467d1\" data-id=\"c1467d1\" data-element_type=\"column\">\n\t\t\t<div class=\"elementor-widget-wrap elementor-element-populated\">\n\t\t\t\t\t\t<div class=\"elementor-element elementor-element-6c0db1f elementor-widget elementor-widget-heading\" data-id=\"6c0db1f\" data-element_type=\"widget\" data-widget_type=\"heading.default\">\n\t\t\t\t<div class=\"elementor-widget-container\">\n\t\t\t\t\t<div class=\"elementor-heading-title elementor-size-default\">Extremt h\u00e5llbar, st\u00f6t- och belastningsbest\u00e4ndig<\/div>\t\t\t\t<\/div>\n\t\t\t\t<\/div>\n\t\t\t\t<div class=\"elementor-element elementor-element-6a7216a elementor-widget elementor-widget-text-editor\" data-id=\"6a7216a\" data-element_type=\"widget\" data-widget_type=\"text-editor.default\">\n\t\t\t\t<div class=\"elementor-widget-container\">\n\t\t\t\t\t\t\t\t\t<p style=\"text-align: center;\">V\u00e5ra tak uppfyller de str\u00e4ngaste kraven f\u00f6r motst\u00e5ndskraft mot sn\u00f6- och vindlaster, vilket framg\u00e5r av<\/p>\t\t\t\t\t\t\t\t<\/div>\n\t\t\t\t<\/div>\n\t\t\t\t<div class=\"elementor-element elementor-element-aa071b6 elementor-widget elementor-widget-text-editor\" data-id=\"aa071b6\" data-element_type=\"widget\" data-widget_type=\"text-editor.default\">\n\t\t\t\t<div class=\"elementor-widget-container\">\n\t\t\t\t\t\t\t\t\t<p>AFNOR C.E.I.P. NORME NF P90-309 +A1 certifikat,<\/p>\t\t\t\t\t\t\t\t<\/div>\n\t\t\t\t<\/div>\n\t\t\t\t<div class=\"elementor-element elementor-element-6ac3273 elementor-widget elementor-widget-image\" data-id=\"6ac3273\" data-element_type=\"widget\" data-widget_type=\"image.default\">\n\t\t\t\t<div class=\"elementor-widget-container\">\n\t\t\t\t\t\t\t\t\t\t\t\t\t\t\t<img loading=\"lazy\" decoding=\"async\" width=\"199\" height=\"141\" src=\"https:\/\/aluna.se\/wp-content\/uploads\/2022\/04\/Image.png\" class=\"attachment-large size-large wp-image-2562\" alt=\"\" \/>\t\t\t\t\t\t\t\t\t\t\t\t\t\t\t<\/div>\n\t\t\t\t<\/div>\n\t\t\t\t<div class=\"elementor-element elementor-element-f1b96b5 elementor-widget elementor-widget-text-editor\" data-id=\"f1b96b5\" data-element_type=\"widget\" data-widget_type=\"text-editor.default\">\n\t\t\t\t<div class=\"elementor-widget-container\">\n\t\t\t\t\t\t\t\t\t<p style=\"text-align: center;\">Vi \u00e4r det enda f\u00f6retaget i Polen och ett av f\u00e5 i Europa som har denna teknik, och v\u00e5ra patenterade Aluna\u00ae aluminiumprofilsystem garanterar v\u00e5ra produkters o\u00f6vertr\u00e4ffade h\u00e5llbarhet och tillf\u00f6rlitlighet.<\/p>\t\t\t\t\t\t\t\t<\/div>\n\t\t\t\t<\/div>\n\t\t\t\t\t<\/div>\n\t\t<\/div>\n\t\t\t\t\t<\/div>\n\t\t<\/section>\n\t\t\t\t<section class=\"elementor-section elementor-top-section elementor-element elementor-element-c74d487 elementor-section-boxed elementor-section-height-default elementor-section-height-default\" data-id=\"c74d487\" data-element_type=\"section\" data-settings=\"{&quot;_ha_eqh_enable&quot;:false}\">\n\t\t\t\t\t\t<div class=\"elementor-container elementor-column-gap-default\">\n\t\t\t\t\t<div class=\"elementor-column elementor-col-50 elementor-top-column elementor-element elementor-element-8cf1c01\" data-id=\"8cf1c01\" data-element_type=\"column\">\n\t\t\t<div class=\"elementor-widget-wrap elementor-element-populated\">\n\t\t\t\t\t\t<div class=\"elementor-element elementor-element-57005c3 elementor-widget elementor-widget-image\" data-id=\"57005c3\" data-element_type=\"widget\" data-widget_type=\"image.default\">\n\t\t\t\t<div class=\"elementor-widget-container\">\n\t\t\t\t\t\t\t\t\t\t\t\t\t\t\t<img loading=\"lazy\" decoding=\"async\" width=\"665\" height=\"476\" src=\"https:\/\/aluna.se\/wp-content\/uploads\/2022\/04\/Rectangle-1-1.png\" class=\"attachment-large size-large wp-image-3620\" alt=\"\" srcset=\"https:\/\/aluna.se\/wp-content\/uploads\/2022\/04\/Rectangle-1-1.png 665w, https:\/\/aluna.se\/wp-content\/uploads\/2022\/04\/Rectangle-1-1-300x215.png 300w\" sizes=\"(max-width: 665px) 100vw, 665px\" \/>\t\t\t\t\t\t\t\t\t\t\t\t\t\t\t<\/div>\n\t\t\t\t<\/div>\n\t\t\t\t\t<\/div>\n\t\t<\/div>\n\t\t\t\t<div class=\"elementor-column elementor-col-50 elementor-top-column elementor-element elementor-element-e0b2787\" data-id=\"e0b2787\" data-element_type=\"column\">\n\t\t\t<div class=\"elementor-widget-wrap elementor-element-populated\">\n\t\t\t\t\t\t<div class=\"elementor-element elementor-element-32a8e30 elementor-widget elementor-widget-heading\" data-id=\"32a8e30\" data-element_type=\"widget\" data-widget_type=\"heading.default\">\n\t\t\t\t<div class=\"elementor-widget-container\">\n\t\t\t\t\t<div class=\"elementor-heading-title elementor-size-default\">Anv\u00e4ndning \u2013 Barnen f\u00f6rst<\/div>\t\t\t\t<\/div>\n\t\t\t\t<\/div>\n\t\t\t\t<div class=\"elementor-element elementor-element-fd06a45 elementor-widget elementor-widget-text-editor\" data-id=\"fd06a45\" data-element_type=\"widget\" data-widget_type=\"text-editor.default\">\n\t\t\t\t<div class=\"elementor-widget-container\">\n\t\t\t\t\t\t\t\t\t<p>Vi ser till att poolanv\u00e4ndningen \u00e4r ren njutning och avkoppling f\u00f6r dig och din familj.<\/p><p>Vi har skapat ett specialpaket med funktioner som garanterar dina barns (och din) s\u00e4kerhet. Dessa inkluderar halkfria, rundade och l\u00e5gprofilerade r\u00e4cken, avsaknad av utskjutande eller vassa strukturella element, nyckell\u00e5s f\u00f6r varje segment och skydd mot UV-str\u00e5lning och insekter.<\/p>\t\t\t\t\t\t\t\t<\/div>\n\t\t\t\t<\/div>\n\t\t\t\t\t<\/div>\n\t\t<\/div>\n\t\t\t\t\t<\/div>\n\t\t<\/section>\n\t\t\t\t<section class=\"elementor-section elementor-top-section elementor-element elementor-element-0d32f47 elementor-section-height-min-height elementor-section-boxed elementor-section-height-default elementor-section-items-middle\" data-id=\"0d32f47\" data-element_type=\"section\" data-settings=\"{&quot;_ha_eqh_enable&quot;:false}\">\n\t\t\t\t\t\t<div class=\"elementor-container elementor-column-gap-default\">\n\t\t\t\t\t<div class=\"elementor-column elementor-col-100 elementor-top-column elementor-element elementor-element-f11856c\" data-id=\"f11856c\" data-element_type=\"column\">\n\t\t\t<div class=\"elementor-widget-wrap elementor-element-populated\">\n\t\t\t\t\t\t<div class=\"elementor-element elementor-element-9d98a6c elementor-widget elementor-widget-heading\" data-id=\"9d98a6c\" data-element_type=\"widget\" data-widget_type=\"heading.default\">\n\t\t\t\t<div class=\"elementor-widget-container\">\n\t\t\t\t\t<div class=\"elementor-heading-title elementor-size-default\">Eftermarknadsservice<br>\n\u2013 vi ses tidigast om 13 \u00e5r<\/div>\t\t\t\t<\/div>\n\t\t\t\t<\/div>\n\t\t\t\t<div class=\"elementor-element elementor-element-4e53e24 elementor-widget elementor-widget-text-editor\" data-id=\"4e53e24\" data-element_type=\"widget\" data-widget_type=\"text-editor.default\">\n\t\t\t\t<div class=\"elementor-widget-container\">\n\t\t\t\t\t\t\t\t\t<p>Genom m\u00e5nga \u00e5rs erfarenhet har vi finslipat niv\u00e5n p\u00e5 v\u00e5ra tj\u00e4nster \u2013 baserat p\u00e5 statistik vet vi att tack vare detta kommer v\u00e5r f\u00f6rsta servicekontakt att ske f\u00f6rst efter ungef\u00e4r 13 \u00e5rs anv\u00e4ndning av taket.<\/p>\t\t\t\t\t\t\t\t<\/div>\n\t\t\t\t<\/div>\n\t\t\t\t<div class=\"elementor-element elementor-element-ab6a731 elementor-widget elementor-widget-image\" data-id=\"ab6a731\" data-element_type=\"widget\" data-widget_type=\"image.default\">\n\t\t\t\t<div class=\"elementor-widget-container\">\n\t\t\t\t\t\t\t\t\t\t\t\t\t\t\t<img loading=\"lazy\" decoding=\"async\" width=\"192\" height=\"98\" src=\"https:\/\/aluna.se\/wp-content\/uploads\/2022\/04\/Frame.png\" class=\"attachment-large size-large wp-image-2566\" alt=\"\" \/>\t\t\t\t\t\t\t\t\t\t\t\t\t\t\t<\/div>\n\t\t\t\t<\/div>\n\t\t\t\t<div class=\"elementor-element elementor-element-46579d0 elementor-widget elementor-widget-text-editor\" data-id=\"46579d0\" data-element_type=\"widget\" data-widget_type=\"text-editor.default\">\n\t\t\t\t<div class=\"elementor-widget-container\">\n\t\t\t\t\t\t\t\t\t<p>Var och en av v\u00e5ra produkter har en unik QR-kod och serienummer, s\u00e5 att vi snabbt kan identifiera din best\u00e4llning \u00e4ven \u00e5r senare och svara p\u00e5 din f\u00f6rfr\u00e5gan. Om du beh\u00f6ver r\u00e5d \u00e4r vi alltid tillg\u00e4ngliga via telefon och e-post, och du kan k\u00f6pa alla sm\u00e5delar och tillbeh\u00f6r sj\u00e4lv i v\u00e5r webbutik.<\/p>\t\t\t\t\t\t\t\t<\/div>\n\t\t\t\t<\/div>\n\t\t\t\t\t<\/div>\n\t\t<\/div>\n\t\t\t\t\t<\/div>\n\t\t<\/section>\n\t\t\t\t<section class=\"elementor-section elementor-top-section elementor-element elementor-element-d4cbc45 elementor-section-height-min-height elementor-section-boxed elementor-section-height-default elementor-section-items-middle\" data-id=\"d4cbc45\" data-element_type=\"section\" data-settings=\"{&quot;background_background&quot;:&quot;classic&quot;,&quot;_ha_eqh_enable&quot;:false}\">\n\t\t\t\t\t\t<div class=\"elementor-container elementor-column-gap-default\">\n\t\t\t\t\t<div class=\"elementor-column elementor-col-100 elementor-top-column elementor-element elementor-element-c6ff7e2\" data-id=\"c6ff7e2\" data-element_type=\"column\">\n\t\t\t<div class=\"elementor-widget-wrap elementor-element-populated\">\n\t\t\t\t\t\t<div class=\"elementor-element elementor-element-1064bd0 elementor-widget elementor-widget-spacer\" data-id=\"1064bd0\" data-element_type=\"widget\" data-widget_type=\"spacer.default\">\n\t\t\t\t<div class=\"elementor-widget-container\">\n\t\t\t\t\t\t\t<div class=\"elementor-spacer\">\n\t\t\t<div class=\"elementor-spacer-inner\"><\/div>\n\t\t<\/div>\n\t\t\t\t\t\t<\/div>\n\t\t\t\t<\/div>\n\t\t\t\t\t<\/div>\n\t\t<\/div>\n\t\t\t\t\t<\/div>\n\t\t<\/section>\n\t\t\t\t<\/div>","protected":false},"excerpt":{"rendered":"<p>Din s\u00e4kerhet kommer alltid att vara v\u00e5r prioritet. \u00d6ver 22 \u00e5rs erfarenhet \u2013 vi l\u00e4r oss inte av dig V\u00e5r branscherfarenhet garanterar 100 % projektgenomf\u00f6rande. Fr\u00e5n design till implementering \u2013 vi leder dig vid handen Vi erbjuder en helt\u00e4ckande strategi \u2013 under hela genomf\u00f6randet av ditt projekt st\u00e5r du under st\u00e4ndig \u00f6vervakning av v\u00e5r design- [&hellip;]<\/p>","protected":false},"author":1,"featured_media":0,"parent":0,"menu_order":0,"comment_status":"closed","ping_status":"closed","template":"","meta":{"footnotes":""},"class_list":["post-505","page","type-page","status-publish","hentry"],"_links":{"self":[{"href":"https:\/\/aluna.se\/sv\/wp-json\/wp\/v2\/pages\/505","targetHints":{"allow":["GET"]}}],"collection":[{"href":"https:\/\/aluna.se\/sv\/wp-json\/wp\/v2\/pages"}],"about":[{"href":"https:\/\/aluna.se\/sv\/wp-json\/wp\/v2\/types\/page"}],"author":[{"embeddable":true,"href":"https:\/\/aluna.se\/sv\/wp-json\/wp\/v2\/users\/1"}],"replies":[{"embeddable":true,"href":"https:\/\/aluna.se\/sv\/wp-json\/wp\/v2\/comments?post=505"}],"version-history":[{"count":13,"href":"https:\/\/aluna.se\/sv\/wp-json\/wp\/v2\/pages\/505\/revisions"}],"predecessor-version":[{"id":46931,"href":"https:\/\/aluna.se\/sv\/wp-json\/wp\/v2\/pages\/505\/revisions\/46931"}],"wp:attachment":[{"href":"https:\/\/aluna.se\/sv\/wp-json\/wp\/v2\/media?parent=505"}],"curies":[{"name":"wp","href":"https:\/\/api.w.org\/{rel}","templated":true}]}}